{"id":124,"date":"2020-06-19T08:02:52","date_gmt":"2020-06-19T08:02:52","guid":{"rendered":"https:\/\/routedumimosa.com\/?page_id=124"},"modified":"2026-01-16T12:51:21","modified_gmt":"2026-01-16T12:51:21","slug":"boutiques","status":"publish","type":"page","link":"https:\/\/routedumimosa.com\/en\/route-du-mimosa\/boutiques\/","title":{"rendered":"Shops"},"content":{"rendered":"<p>[et_pb_section fb_built=\u00a0\u00bb1&Prime; fullwidth=\u00a0\u00bbon\u00a0\u00bb admin_label=\u00a0\u00bbHeader\u00a0\u00bb _builder_version=\u00a0\u00bb4.16&Prime; custom_padding=\u00a0\u00bb0px|0|0px|0px|false|false\u00a0\u00bb top_divider_color=\u00a0\u00bbrgba(255,255,255,0.3)\u00a0\u00bb top_divider_height=\u00a0\u00bb202%\u00a0\u00bb top_divider_repeat=\u00a0\u00bb0.7x\u00a0\u00bb bottom_divider_color=\u00a0\u00bb#ffffff\u00a0\u00bb locked=\u00a0\u00bboff\u00a0\u00bb global_colors_info=\u00a0\u00bb{}\u00a0\u00bb][et_pb_fullwidth_header title=\u00a0\u00bb@ET-DC@eyJkeW5hbWljIjp0cnVlLCJjb250ZW50IjoicG9zdF90aXRsZSIsInNldHRpbmdzIjp7ImJlZm9yZSI6IiIsImFmdGVyIjoiIn19@\u00a0\u00bb text_orientation=\u00a0\u00bbcenter\u00a0\u00bb background_overlay_color=\u00a0\u00bbrgba(0,0,0,0.2)\u00a0\u00bb content_max_width=\u00a0\u00bb650px\u00a0\u00bb content_max_width_tablet=\u00a0\u00bb100%\u00a0\u00bb content_max_width_phone=\u00a0\u00bb\u00a0\u00bb content_max_width_last_edited=\u00a0\u00bbon|phone\u00a0\u00bb _builder_version=\u00a0\u00bb4.16&Prime; _dynamic_attributes=\u00a0\u00bbtitle\u00a0\u00bb title_font=\u00a0\u00bbPoppins|700||on|||||\u00a0\u00bb title_text_color=\u00a0\u00bb#ffc30f\u00a0\u00bb title_font_size=\u00a0\u00bb45px\u00a0\u00bb title_letter_spacing=\u00a0\u00bb10px\u00a0\u00bb title_line_height=\u00a0\u00bb2em\u00a0\u00bb content_font=\u00a0\u00bbCormorant Garamond||||||||\u00a0\u00bb content_font_size=\u00a0\u00bb35px\u00a0\u00bb content_line_height=\u00a0\u00bb1.2em\u00a0\u00bb subhead_font=\u00a0\u00bbCormorant Garamond||||||||\u00a0\u00bb subhead_text_align=\u00a0\u00bbcenter\u00a0\u00bb subhead_font_size=\u00a0\u00bb56px\u00a0\u00bb subhead_line_height=\u00a0\u00bb1.5em\u00a0\u00bb background_color=\u00a0\u00bbrgba(255,255,255,0)\u00a0\u00bb background_image=\u00a0\u00bbhttps:\/\/routedumimosa.com\/wp-content\/uploads\/2020\/06\/fete-du-mimosa-tanneron-guillaume-roumestan-5-web.jpg\u00a0\u00bb custom_button_one=\u00a0\u00bbon\u00a0\u00bb button_one_text_size=\u00a0\u00bb14px\u00a0\u00bb button_one_text_color=\u00a0\u00bb#ffffff\u00a0\u00bb button_one_bg_color=\u00a0\u00bb#c4beb9&Prime; button_one_border_width=\u00a0\u00bb14px\u00a0\u00bb button_one_border_color=\u00a0\u00bb#c4beb9&Prime; button_one_border_radius=\u00a0\u00bb0px\u00a0\u00bb button_one_letter_spacing=\u00a0\u00bb4px\u00a0\u00bb button_one_font=\u00a0\u00bbPoppins|500||on|||||\u00a0\u00bb custom_margin=\u00a0\u00bb|||\u00a0\u00bb custom_padding=\u00a0\u00bb4vw||4vw||false|false\u00a0\u00bb custom_padding_tablet=\u00a0\u00bb\u00a0\u00bb custom_padding_phone=\u00a0\u00bb8vw||8vw||true|false\u00a0\u00bb custom_padding_last_edited=\u00a0\u00bbon|phone\u00a0\u00bb animation_style=\u00a0\u00bbslide\u00a0\u00bb animation_direction=\u00a0\u00bbbottom\u00a0\u00bb animation_duration=\u00a0\u00bb1300ms\u00a0\u00bb animation_intensity_slide=\u00a0\u00bb9%\u00a0\u00bb subhead_font_size_tablet=\u00a0\u00bb40px\u00a0\u00bb subhead_font_size_phone=\u00a0\u00bb\u00a0\u00bb subhead_font_size_last_edited=\u00a0\u00bbon|desktop\u00a0\u00bb button_one_text_color_hover=\u00a0\u00bb#ffffff\u00a0\u00bb button_one_border_color_hover=\u00a0\u00bb#ecd5c5&Prime; button_one_border_radius_hover=\u00a0\u00bb0px\u00a0\u00bb button_one_letter_spacing_hover=\u00a0\u00bb4px\u00a0\u00bb button_one_bg_color_hover=\u00a0\u00bb#ecd5c5&Prime; global_colors_info=\u00a0\u00bb{}\u00a0\u00bb button_one_text_size__hover_enabled=\u00a0\u00bboff\u00a0\u00bb button_two_text_size__hover_enabled=\u00a0\u00bboff\u00a0\u00bb button_one_text_color__hover_enabled=\u00a0\u00bbon\u00a0\u00bb button_one_text_color__hover=\u00a0\u00bb#ffffff\u00a0\u00bb button_two_text_color__hover_enabled=\u00a0\u00bboff\u00a0\u00bb button_one_border_width__hover_enabled=\u00a0\u00bboff\u00a0\u00bb button_two_border_width__hover_enabled=\u00a0\u00bboff\u00a0\u00bb button_one_border_color__hover_enabled=\u00a0\u00bbon\u00a0\u00bb button_one_border_color__hover=\u00a0\u00bb#ecd5c5&Prime; button_two_border_color__hover_enabled=\u00a0\u00bboff\u00a0\u00bb button_one_border_radius__hover_enabled=\u00a0\u00bbon\u00a0\u00bb button_one_border_radius__hover=\u00a0\u00bb0px\u00a0\u00bb button_two_border_radius__hover_enabled=\u00a0\u00bboff\u00a0\u00bb button_one_letter_spacing__hover_enabled=\u00a0\u00bbon\u00a0\u00bb button_one_letter_spacing__hover=\u00a0\u00bb4px\u00a0\u00bb button_two_letter_spacing__hover_enabled=\u00a0\u00bboff\u00a0\u00bb button_one_bg_color__hover_enabled=\u00a0\u00bbon\u00a0\u00bb button_one_bg_color__hover=\u00a0\u00bb#ecd5c5&Prime; button_two_bg_color__hover_enabled=\u00a0\u00bboff\u00a0\u00bb]<\/p>\n<p>Partez \u00e0 la d\u00e9couverte des boutiques proposant des cr\u00e9ations et produits au mimosa sur la Route du Mimosa<\/p>\n<p>[\/et_pb_fullwidth_header][\/et_pb_section][et_pb_section fb_built=\u00a0\u00bb1&Prime; admin_label=\u00a0\u00bbHow it works\u00a0\u00bb _builder_version=\u00a0\u00bb4.16&Prime; custom_padding=\u00a0\u00bb100px|0px|100px|0px|true|false\u00a0\u00bb locked=\u00a0\u00bboff\u00a0\u00bb global_colors_info=\u00a0\u00bb{}\u00a0\u00bb][et_pb_row _builder_version=\u00a0\u00bb4.16&Prime; custom_margin=\u00a0\u00bb||||false|false\u00a0\u00bb global_colors_info=\u00a0\u00bb{}\u00a0\u00bb][et_pb_column type=\u00a0\u00bb4_4&Prime; _builder_version=\u00a0\u00bb4.16&Prime; custom_padding=\u00a0\u00bb|||\u00a0\u00bb global_colors_info=\u00a0\u00bb{}\u00a0\u00bb custom_padding__hover=\u00a0\u00bb|||\u00a0\u00bb][et_pb_text _builder_version=\u00a0\u00bb4.16&Prime; text_font=\u00a0\u00bbCormorant Garamond||||||||\u00a0\u00bb text_font_size=\u00a0\u00bb20px\u00a0\u00bb header_2_font=\u00a0\u00bbPoppins|700||on|||||\u00a0\u00bb header_2_text_align=\u00a0\u00bbcenter\u00a0\u00bb header_2_text_color=\u00a0\u00bbrgba(0,0,0,0.8)\u00a0\u00bb header_2_font_size=\u00a0\u00bb45px\u00a0\u00bb header_3_font=\u00a0\u00bbPoppins|700||on|||||\u00a0\u00bb header_3_text_align=\u00a0\u00bbleft\u00a0\u00bb header_3_text_color=\u00a0\u00bbrgba(0,0,0,0.8)\u00a0\u00bb header_3_font_size=\u00a0\u00bb30px\u00a0\u00bb header_4_font=\u00a0\u00bbPoppins|700||on|||||\u00a0\u00bb header_4_text_align=\u00a0\u00bbleft\u00a0\u00bb header_4_font_size=\u00a0\u00bb20px\u00a0\u00bb text_orientation=\u00a0\u00bbjustified\u00a0\u00bb global_colors_info=\u00a0\u00bb{}\u00a0\u00bb]<\/p>\n<h2>Listing des BOUTIQues<\/h2>\n<p>[\/et_pb_text][et_pb_text _builder_version=\u00a0\u00bb4.27.4&Prime; text_font=\u00a0\u00bbCormorant Garamond||||||||\u00a0\u00bb text_font_size=\u00a0\u00bb20px\u00a0\u00bb header_2_font=\u00a0\u00bbPoppins|700||on|||||\u00a0\u00bb header_2_text_align=\u00a0\u00bbleft\u00a0\u00bb header_2_text_color=\u00a0\u00bbrgba(0,0,0,0.8)\u00a0\u00bb header_2_font_size=\u00a0\u00bb45px\u00a0\u00bb header_3_font=\u00a0\u00bbPoppins|700||on|||||\u00a0\u00bb header_3_text_align=\u00a0\u00bbleft\u00a0\u00bb header_3_text_color=\u00a0\u00bbrgba(0,0,0,0.8)\u00a0\u00bb header_3_font_size=\u00a0\u00bb30px\u00a0\u00bb header_4_font=\u00a0\u00bbPoppins|700||on|||||\u00a0\u00bb header_4_text_align=\u00a0\u00bbleft\u00a0\u00bb header_4_font_size=\u00a0\u00bb20px\u00a0\u00bb text_orientation=\u00a0\u00bbjustified\u00a0\u00bb hover_enabled=\u00a0\u00bb0&Prime; global_colors_info=\u00a0\u00bb{}\u00a0\u00bb sticky_enabled=\u00a0\u00bb0&Prime;]<\/p>\n<div id=\"prestaItems-15200370\" class=\"prestaItems\" data-url=\"route-du-mimosa-boutiques\" data-type=\"grid\" data-title=\"\" data-nb=\"30\" data-lang=\"fr\" data-showdate=\"0\" data-showtarif=\"0\" data-filter=\"\" data-showfiltre=\"0\">\r\n\t\t\t<apidae-prestas :title=\"title\" :presta-items=\"prestaItems\" :lang=\"lang\" :type=\"type\" :lang=\"lang\" :showdate=\"showdate\" :showtarif=\"showtarif\" :showfiltre=\"showfiltre\" :groupes-filtres=\"groupesFiltres\" :nb-prestas=\"nbPrestas\" :pmin=\"pmin\" :pmax=\"pmax\"><\/apidae-prestas>\r\n\t\t<\/div>\n<p>[\/et_pb_text][\/et_pb_column][\/et_pb_row][\/et_pb_section]<\/p>\n","protected":false},"excerpt":{"rendered":"<p>Partez \u00e0 la d\u00e9couverte des boutiques proposant des cr\u00e9ations et produits au mimosa sur la Route du MimosaListing des BOUTIQues<div id=\"prestaItems-1574740621\" class=\"prestaItems\" data-url=\"route-du-mimosa-boutiques\" data-type=\"grid\" data-title=\"\" data-nb=\"30\" data-lang=\"fr\" data-showdate=\"0\" data-showtarif=\"0\" data-filter=\"\" data-showfiltre=\"0\">\r\n\t\t\t<apidae-prestas :title=\"title\" :presta-items=\"prestaItems\" :lang=\"lang\" :type=\"type\" :showdate=\"showdate\" :showtarif=\"showtarif\" :showfiltre=\"showfiltre\" :groupes-filtres=\"groupesFiltres\" :nb-prestas=\"nbPrestas\" :pmin=\"pmin\" :pmax=\"pmax\"><\/apidae-prestas>\r\n\t\t<\/div><\/p>","protected":false},"author":2,"featured_media":0,"parent":38,"menu_order":3,"comment_status":"closed","ping_status":"closed","template":"","meta":{"_et_pb_use_builder":"on","_et_pb_old_content":"","_et_gb_content_width":"","footnotes":""},"class_list":["post-124","page","type-page","status-publish","hentry"],"yoast_head":"<!-- This site is optimized with the Yoast SEO plugin v27.4 - https:\/\/yoast.com\/product\/yoast-seo-wordpress\/ -->\n<title>D\u00e9couvrez les boutiques - Route du mimosa<\/title>\n<meta name=\"description\" content=\"D\u00e9couvrez les boutiques de la Route du Mimosa qui proposent des produits au mimosa : id\u00e9es cadeaux, cr\u00e9ations locales...\" \/>\n<meta name=\"robots\" content=\"index, follow, max-snippet:-1, max-image-preview:large, max-video-preview:-1\" \/>\n<link rel=\"canonical\" href=\"https:\/\/routedumimosa.com\/en\/route-du-mimosa\/boutiques\/\" \/>\n<meta property=\"og:locale\" content=\"en_GB\" \/>\n<meta property=\"og:type\" content=\"article\" \/>\n<meta property=\"og:title\" content=\"D\u00e9couvrez les boutiques - Route du mimosa\" \/>\n<meta property=\"og:description\" content=\"D\u00e9couvrez les boutiques de la Route du Mimosa qui proposent des produits au mimosa : id\u00e9es cadeaux, cr\u00e9ations locales...\" \/>\n<meta property=\"og:url\" content=\"https:\/\/routedumimosa.com\/en\/route-du-mimosa\/boutiques\/\" \/>\n<meta property=\"og:site_name\" content=\"Route du mimosa\" \/>\n<meta property=\"article:modified_time\" content=\"2026-01-16T12:51:21+00:00\" \/>\n<meta name=\"twitter:card\" content=\"summary_large_image\" \/>\n<meta name=\"twitter:label1\" content=\"Estimated reading time\" \/>\n\t<meta name=\"twitter:data1\" content=\"1 minute\" \/>\n<script type=\"application\/ld+json\" class=\"yoast-schema-graph\">{\"@context\":\"https:\\\/\\\/schema.org\",\"@graph\":[{\"@type\":\"WebPage\",\"@id\":\"https:\\\/\\\/routedumimosa.com\\\/route-du-mimosa\\\/boutiques\\\/\",\"url\":\"https:\\\/\\\/routedumimosa.com\\\/route-du-mimosa\\\/boutiques\\\/\",\"name\":\"D\u00e9couvrez les boutiques - Route du mimosa\",\"isPartOf\":{\"@id\":\"https:\\\/\\\/routedumimosa.com\\\/#website\"},\"datePublished\":\"2020-06-19T08:02:52+00:00\",\"dateModified\":\"2026-01-16T12:51:21+00:00\",\"description\":\"D\u00e9couvrez les boutiques de la Route du Mimosa qui proposent des produits au mimosa : id\u00e9es cadeaux, cr\u00e9ations locales...\",\"breadcrumb\":{\"@id\":\"https:\\\/\\\/routedumimosa.com\\\/route-du-mimosa\\\/boutiques\\\/#breadcrumb\"},\"inLanguage\":\"en-GB\",\"potentialAction\":[{\"@type\":\"ReadAction\",\"target\":[\"https:\\\/\\\/routedumimosa.com\\\/route-du-mimosa\\\/boutiques\\\/\"]}]},{\"@type\":\"BreadcrumbList\",\"@id\":\"https:\\\/\\\/routedumimosa.com\\\/route-du-mimosa\\\/boutiques\\\/#breadcrumb\",\"itemListElement\":[{\"@type\":\"ListItem\",\"position\":1,\"name\":\"Home\",\"item\":\"https:\\\/\\\/routedumimosa.com\\\/\"},{\"@type\":\"ListItem\",\"position\":2,\"name\":\"Route du mimosa\",\"item\":\"https:\\\/\\\/routedumimosa.com\\\/route-du-mimosa\\\/\"},{\"@type\":\"ListItem\",\"position\":3,\"name\":\"Boutiques\"}]},{\"@type\":\"WebSite\",\"@id\":\"https:\\\/\\\/routedumimosa.com\\\/#website\",\"url\":\"https:\\\/\\\/routedumimosa.com\\\/\",\"name\":\"Route du mimosa\",\"description\":\"Un voyage parfum\u00e9 \u00e0 d\u00e9couvrir sur 130 km !\",\"potentialAction\":[{\"@type\":\"SearchAction\",\"target\":{\"@type\":\"EntryPoint\",\"urlTemplate\":\"https:\\\/\\\/routedumimosa.com\\\/?s={search_term_string}\"},\"query-input\":{\"@type\":\"PropertyValueSpecification\",\"valueRequired\":true,\"valueName\":\"search_term_string\"}}],\"inLanguage\":\"en-GB\"}]}<\/script>\n<!-- \/ Yoast SEO plugin. -->","yoast_head_json":{"title":"D\u00e9couvrez les boutiques - Route du mimosa","description":"D\u00e9couvrez les boutiques de la Route du Mimosa qui proposent des produits au mimosa : id\u00e9es cadeaux, cr\u00e9ations locales...","robots":{"index":"index","follow":"follow","max-snippet":"max-snippet:-1","max-image-preview":"max-image-preview:large","max-video-preview":"max-video-preview:-1"},"canonical":"https:\/\/routedumimosa.com\/en\/route-du-mimosa\/boutiques\/","og_locale":"en_GB","og_type":"article","og_title":"D\u00e9couvrez les boutiques - Route du mimosa","og_description":"D\u00e9couvrez les boutiques de la Route du Mimosa qui proposent des produits au mimosa : id\u00e9es cadeaux, cr\u00e9ations locales...","og_url":"https:\/\/routedumimosa.com\/en\/route-du-mimosa\/boutiques\/","og_site_name":"Route du mimosa","article_modified_time":"2026-01-16T12:51:21+00:00","twitter_card":"summary_large_image","twitter_misc":{"Estimated reading time":"1 minute"},"schema":{"@context":"https:\/\/schema.org","@graph":[{"@type":"WebPage","@id":"https:\/\/routedumimosa.com\/route-du-mimosa\/boutiques\/","url":"https:\/\/routedumimosa.com\/route-du-mimosa\/boutiques\/","name":"D\u00e9couvrez les boutiques - Route du mimosa","isPartOf":{"@id":"https:\/\/routedumimosa.com\/#website"},"datePublished":"2020-06-19T08:02:52+00:00","dateModified":"2026-01-16T12:51:21+00:00","description":"D\u00e9couvrez les boutiques de la Route du Mimosa qui proposent des produits au mimosa : id\u00e9es cadeaux, cr\u00e9ations locales...","breadcrumb":{"@id":"https:\/\/routedumimosa.com\/route-du-mimosa\/boutiques\/#breadcrumb"},"inLanguage":"en-GB","potentialAction":[{"@type":"ReadAction","target":["https:\/\/routedumimosa.com\/route-du-mimosa\/boutiques\/"]}]},{"@type":"BreadcrumbList","@id":"https:\/\/routedumimosa.com\/route-du-mimosa\/boutiques\/#breadcrumb","itemListElement":[{"@type":"ListItem","position":1,"name":"Home","item":"https:\/\/routedumimosa.com\/"},{"@type":"ListItem","position":2,"name":"Route du mimosa","item":"https:\/\/routedumimosa.com\/route-du-mimosa\/"},{"@type":"ListItem","position":3,"name":"Boutiques"}]},{"@type":"WebSite","@id":"https:\/\/routedumimosa.com\/#website","url":"https:\/\/routedumimosa.com\/","name":"Route du mimosa","description":"A fragrant journey to discover over 130 km!","potentialAction":[{"@type":"SearchAction","target":{"@type":"EntryPoint","urlTemplate":"https:\/\/routedumimosa.com\/?s={search_term_string}"},"query-input":{"@type":"PropertyValueSpecification","valueRequired":true,"valueName":"search_term_string"}}],"inLanguage":"en-GB"}]}},"_links":{"self":[{"href":"https:\/\/routedumimosa.com\/en\/wp-json\/wp\/v2\/pages\/124","targetHints":{"allow":["GET"]}}],"collection":[{"href":"https:\/\/routedumimosa.com\/en\/wp-json\/wp\/v2\/pages"}],"about":[{"href":"https:\/\/routedumimosa.com\/en\/wp-json\/wp\/v2\/types\/page"}],"author":[{"embeddable":true,"href":"https:\/\/routedumimosa.com\/en\/wp-json\/wp\/v2\/users\/2"}],"replies":[{"embeddable":true,"href":"https:\/\/routedumimosa.com\/en\/wp-json\/wp\/v2\/comments?post=124"}],"version-history":[{"count":11,"href":"https:\/\/routedumimosa.com\/en\/wp-json\/wp\/v2\/pages\/124\/revisions"}],"predecessor-version":[{"id":922,"href":"https:\/\/routedumimosa.com\/en\/wp-json\/wp\/v2\/pages\/124\/revisions\/922"}],"up":[{"embeddable":true,"href":"https:\/\/routedumimosa.com\/en\/wp-json\/wp\/v2\/pages\/38"}],"wp:attachment":[{"href":"https:\/\/routedumimosa.com\/en\/wp-json\/wp\/v2\/media?parent=124"}],"curies":[{"name":"wp","href":"https:\/\/api.w.org\/{rel}","templated":true}]}}