{"id":141,"date":"2020-06-19T08:19:07","date_gmt":"2020-06-19T08:19:07","guid":{"rendered":"https:\/\/routedumimosa.com\/?page_id=141"},"modified":"2026-01-28T15:51:21","modified_gmt":"2026-01-28T15:51:21","slug":"offices-de-tourisme","status":"publish","type":"page","link":"https:\/\/routedumimosa.com\/en\/infos-pratiques\/offices-de-tourisme\/","title":{"rendered":"Tourist offices"},"content":{"rendered":"\n[et_pb_section fb_built=\u00a0\u00bb1&Prime; fullwidth=\u00a0\u00bbon\u00a0\u00bb admin_label=\u00a0\u00bbHeader\u00a0\u00bb _builder_version=\u00a0\u00bb4.16&Prime; custom_padding=\u00a0\u00bb0px|0|0px|0px|false|false\u00a0\u00bb top_divider_color=\u00a0\u00bbrgba(255,255,255,0.3)\u00a0\u00bb top_divider_height=\u00a0\u00bb202%\u00a0\u00bb top_divider_repeat=\u00a0\u00bb0.7x\u00a0\u00bb bottom_divider_color=\u00a0\u00bb#ffffff\u00a0\u00bb locked=\u00a0\u00bboff\u00a0\u00bb global_colors_info=\u00a0\u00bb{}\u00a0\u00bb][et_pb_fullwidth_header title=\u00a0\u00bb@ET-DC@eyJkeW5hbWljIjp0cnVlLCJjb250ZW50IjoicG9zdF90aXRsZSIsInNldHRpbmdzIjp7ImJlZm9yZSI6IiIsImFmdGVyIjoiIn19@\u00a0\u00bb text_orientation=\u00a0\u00bbcenter\u00a0\u00bb background_overlay_color=\u00a0\u00bbrgba(0,0,0,0.2)\u00a0\u00bb content_max_width=\u00a0\u00bb650px\u00a0\u00bb content_max_width_tablet=\u00a0\u00bb100%\u00a0\u00bb content_max_width_phone=\u00a0\u00bb\u00a0\u00bb content_max_width_last_edited=\u00a0\u00bbon|phone\u00a0\u00bb _builder_version=\u00a0\u00bb4.16&Prime; _dynamic_attributes=\u00a0\u00bbtitle\u00a0\u00bb title_font=\u00a0\u00bbPoppins|700||on|||||\u00a0\u00bb title_text_color=\u00a0\u00bb#ffc30f\u00a0\u00bb title_font_size=\u00a0\u00bb45px\u00a0\u00bb title_letter_spacing=\u00a0\u00bb10px\u00a0\u00bb title_line_height=\u00a0\u00bb2em\u00a0\u00bb content_font=\u00a0\u00bbCormorant Garamond||||||||\u00a0\u00bb content_font_size=\u00a0\u00bb35px\u00a0\u00bb content_line_height=\u00a0\u00bb1.2em\u00a0\u00bb subhead_font=\u00a0\u00bbCormorant Garamond||||||||\u00a0\u00bb subhead_text_align=\u00a0\u00bbcenter\u00a0\u00bb subhead_font_size=\u00a0\u00bb56px\u00a0\u00bb subhead_line_height=\u00a0\u00bb1.5em\u00a0\u00bb background_color=\u00a0\u00bbrgba(255,255,255,0)\u00a0\u00bb background_image=\u00a0\u00bbhttps:\/\/routedumimosa.com\/wp-content\/uploads\/2020\/06\/fete-du-mimosa-tanneron-guillaume-roumestan-5-web.jpg\u00a0\u00bb custom_button_one=\u00a0\u00bbon\u00a0\u00bb button_one_text_size=\u00a0\u00bb14px\u00a0\u00bb button_one_text_color=\u00a0\u00bb#ffffff\u00a0\u00bb button_one_bg_color=\u00a0\u00bb#c4beb9&Prime; button_one_border_width=\u00a0\u00bb14px\u00a0\u00bb button_one_border_color=\u00a0\u00bb#c4beb9&Prime; button_one_border_radius=\u00a0\u00bb0px\u00a0\u00bb button_one_letter_spacing=\u00a0\u00bb4px\u00a0\u00bb button_one_font=\u00a0\u00bbPoppins|500||on|||||\u00a0\u00bb custom_margin=\u00a0\u00bb|||\u00a0\u00bb custom_padding=\u00a0\u00bb4vw||4vw||false|false\u00a0\u00bb custom_padding_tablet=\u00a0\u00bb\u00a0\u00bb custom_padding_phone=\u00a0\u00bb8vw||8vw||true|false\u00a0\u00bb custom_padding_last_edited=\u00a0\u00bbon|phone\u00a0\u00bb animation_style=\u00a0\u00bbslide\u00a0\u00bb animation_direction=\u00a0\u00bbbottom\u00a0\u00bb animation_duration=\u00a0\u00bb1300ms\u00a0\u00bb animation_intensity_slide=\u00a0\u00bb9%\u00a0\u00bb subhead_font_size_tablet=\u00a0\u00bb40px\u00a0\u00bb subhead_font_size_phone=\u00a0\u00bb\u00a0\u00bb subhead_font_size_last_edited=\u00a0\u00bbon|desktop\u00a0\u00bb button_one_text_color_hover=\u00a0\u00bb#ffffff\u00a0\u00bb button_one_border_color_hover=\u00a0\u00bb#ecd5c5&Prime; button_one_border_radius_hover=\u00a0\u00bb0px\u00a0\u00bb button_one_letter_spacing_hover=\u00a0\u00bb4px\u00a0\u00bb button_one_bg_color_hover=\u00a0\u00bb#ecd5c5&Prime; global_colors_info=\u00a0\u00bb{}\u00a0\u00bb button_one_text_size__hover_enabled=\u00a0\u00bboff\u00a0\u00bb button_two_text_size__hover_enabled=\u00a0\u00bboff\u00a0\u00bb button_one_text_color__hover_enabled=\u00a0\u00bbon\u00a0\u00bb button_one_text_color__hover=\u00a0\u00bb#ffffff\u00a0\u00bb button_two_text_color__hover_enabled=\u00a0\u00bboff\u00a0\u00bb button_one_border_width__hover_enabled=\u00a0\u00bboff\u00a0\u00bb button_two_border_width__hover_enabled=\u00a0\u00bboff\u00a0\u00bb button_one_border_color__hover_enabled=\u00a0\u00bbon\u00a0\u00bb button_one_border_color__hover=\u00a0\u00bb#ecd5c5&Prime; button_two_border_color__hover_enabled=\u00a0\u00bboff\u00a0\u00bb button_one_border_radius__hover_enabled=\u00a0\u00bbon\u00a0\u00bb button_one_border_radius__hover=\u00a0\u00bb0px\u00a0\u00bb button_two_border_radius__hover_enabled=\u00a0\u00bboff\u00a0\u00bb button_one_letter_spacing__hover_enabled=\u00a0\u00bbon\u00a0\u00bb button_one_letter_spacing__hover=\u00a0\u00bb4px\u00a0\u00bb button_two_letter_spacing__hover_enabled=\u00a0\u00bboff\u00a0\u00bb button_one_bg_color__hover_enabled=\u00a0\u00bbon\u00a0\u00bb button_one_bg_color__hover=\u00a0\u00bb#ecd5c5&Prime; button_two_bg_color__hover_enabled=\u00a0\u00bboff\u00a0\u00bb][\/et_pb_fullwidth_header][\/et_pb_section][et_pb_section fb_built=\u00a0\u00bb1&Prime; _builder_version=\u00a0\u00bb4.16&Prime; _module_preset=\u00a0\u00bbdefault\u00a0\u00bb global_colors_info=\u00a0\u00bb{}\u00a0\u00bb][et_pb_row column_structure=\u00a0\u00bb1_2,1_2&Prime; _builder_version=\u00a0\u00bb4.16&Prime; _module_preset=\u00a0\u00bbdefault\u00a0\u00bb global_colors_info=\u00a0\u00bb{}\u00a0\u00bb][et_pb_column type=\u00a0\u00bb1_2&Prime; _builder_version=\u00a0\u00bb4.16&Prime; _module_preset=\u00a0\u00bbdefault\u00a0\u00bb global_colors_info=\u00a0\u00bb{}\u00a0\u00bb][et_pb_text _builder_version=\u00a0\u00bb4.16&Prime; text_font=\u00a0\u00bbCormorant Garamond||||||||\u00a0\u00bb text_font_size=\u00a0\u00bb20px\u00a0\u00bb header_2_font=\u00a0\u00bbPoppins|700||on|||||\u00a0\u00bb header_2_text_align=\u00a0\u00bbleft\u00a0\u00bb header_2_text_color=\u00a0\u00bbrgba(0,0,0,0.8)\u00a0\u00bb header_2_font_size=\u00a0\u00bb45px\u00a0\u00bb header_3_font=\u00a0\u00bbPoppins|700||on|||||\u00a0\u00bb header_3_text_align=\u00a0\u00bbleft\u00a0\u00bb header_3_text_color=\u00a0\u00bbrgba(0,0,0,0.8)\u00a0\u00bb header_3_font_size=\u00a0\u00bb30px\u00a0\u00bb header_4_font=\u00a0\u00bbPoppins|700||on|||||\u00a0\u00bb header_4_text_align=\u00a0\u00bbleft\u00a0\u00bb header_4_font_size=\u00a0\u00bb20px\u00a0\u00bb text_orientation=\u00a0\u00bbjustified\u00a0\u00bb global_colors_info=\u00a0\u00bb{}\u00a0\u00bb]<h2><span style=\"color: #ffc30f;\"><\/span><\/h2>\n<h2><span style=\"color: #ffc30f;\">Bormes les Mimosas<\/span><\/h2>\n<h3>Kilom\u00e8tre 0<\/h3>\n<p><span><strong>Bureau d&rsquo;accueil du village\u00a0<\/strong><br \/>1 Place Gambetta<br \/>83230 Bormes les Mimosas<\/span><span><\/span><\/p>\n<p><strong>Ouverture<\/strong><br \/>Ouvert du lundi au samedi de 9h \u00e0 12h30 et de 14h \u00e0 17h30.<\/p>\n<p><span><strong>Bureau d&rsquo;accueil de la Favi\u00e8re<\/strong><br \/>319, Boulevard du Front de Mer,<br \/>83230 Bormes les Mimosas<\/span><\/p>\n<p><strong>Ouverture<\/strong><br \/>D&rsquo;avril \u00e0 octobre (consulter les horaires sur notre site internet)<\/p>\n<p><strong>Informations<\/strong><br \/>T\u00e9l\u00e9phone : 04 94 01 38 38<\/p>\n<p><a href=\"https:\/\/www.bormeslesmimosas.com\/\">www.bormeslesmimosas.com<br \/><\/a><a href=\"mailto:mail@bormeslesmimosas.com\">mail@bormeslesmimosas.com<\/a><\/p>[\/et_pb_text][et_pb_text _builder_version=\u00a0\u00bb4.16&Prime; text_font=\u00a0\u00bbCormorant Garamond||||||||\u00a0\u00bb text_font_size=\u00a0\u00bb20px\u00a0\u00bb header_2_font=\u00a0\u00bbPoppins|700||on|||||\u00a0\u00bb header_2_text_align=\u00a0\u00bbleft\u00a0\u00bb header_2_text_color=\u00a0\u00bbrgba(0,0,0,0.8)\u00a0\u00bb header_2_font_size=\u00a0\u00bb45px\u00a0\u00bb header_3_font=\u00a0\u00bbPoppins|700||on|||||\u00a0\u00bb header_3_text_align=\u00a0\u00bbleft\u00a0\u00bb header_3_text_color=\u00a0\u00bbrgba(0,0,0,0.8)\u00a0\u00bb header_3_font_size=\u00a0\u00bb30px\u00a0\u00bb header_4_font=\u00a0\u00bbPoppins|700||on|||||\u00a0\u00bb header_4_text_align=\u00a0\u00bbleft\u00a0\u00bb header_4_font_size=\u00a0\u00bb20px\u00a0\u00bb text_orientation=\u00a0\u00bbjustified\u00a0\u00bb global_colors_info=\u00a0\u00bb{}\u00a0\u00bb]<h2><span style=\"color: #ffc30f;\">Sainte-Maxime<\/span><\/h2>\n<h3>Kilom\u00e8tre 42<\/h3>\n<p><span><strong>Adresse<\/strong><br \/>21 Place Louis Blanc<br \/>83120 Sainte-Maxime<br \/><\/span><\/p>\n<p><strong>Ouverture<\/strong><br \/>Ouvert tous les jours de 9h \u00e0 12h et de 14h \u00e0 18h<\/p>\n<p><strong>Informations<\/strong><br \/>T\u00e9l\u00e9phone :\u00a00 826 20 83 83\u00a0<span>(0,18 \u20ac\/min)<\/span><\/p>\n<p><span><\/span><\/p>\n<p><a href=\"https:\/\/www.sainte-maxime.com\/\">www.sainte-maxime.com<br \/><\/a><a href=\"mailto:contact@sainte-maxime.com\">contact@sainte-maxime.com<\/a><\/p>[\/et_pb_text][et_pb_text _builder_version=\u00a0\u00bb4.16&Prime; text_font=\u00a0\u00bbCormorant Garamond||||||||\u00a0\u00bb text_font_size=\u00a0\u00bb20px\u00a0\u00bb header_2_font=\u00a0\u00bbPoppins|700||on|||||\u00a0\u00bb header_2_text_align=\u00a0\u00bbleft\u00a0\u00bb header_2_text_color=\u00a0\u00bbrgba(0,0,0,0.8)\u00a0\u00bb header_2_font_size=\u00a0\u00bb45px\u00a0\u00bb header_3_font=\u00a0\u00bbPoppins|700||on|||||\u00a0\u00bb header_3_text_align=\u00a0\u00bbleft\u00a0\u00bb header_3_text_color=\u00a0\u00bbrgba(0,0,0,0.8)\u00a0\u00bb header_3_font_size=\u00a0\u00bb30px\u00a0\u00bb header_4_font=\u00a0\u00bbPoppins|700||on|||||\u00a0\u00bb header_4_text_align=\u00a0\u00bbleft\u00a0\u00bb header_4_font_size=\u00a0\u00bb20px\u00a0\u00bb text_orientation=\u00a0\u00bbjustified\u00a0\u00bb global_colors_info=\u00a0\u00bb{}\u00a0\u00bb]<h2><span style=\"color: #ffc30f;\">Mandelieu-la-Napoule<\/span><\/h2>\n<h3>Kilom\u00e8tre 108<\/h3>\n<p><span><strong>Adresse<\/strong><br \/>806 Avenue de Cannes<br \/>06210 Mandelieu-la-Napoule<br \/><\/span><\/p>\n<p><strong>Ouverture<\/strong><br \/>Du Mardi au Vendredi de 9h30 \u00e0 12h30 et de 14h \u00e0 17h. Ouvert le samedi de 9h30 \u00e0 12h30.<br \/>Du 12 au 16 f\u00e9vrier 2025, ouvert le samedi de 9h30 \u00e0 12h30 et de 14h \u00e0 19h, et le dimanche de 9h30 \u00e0 13h.<\/p>\n<p><strong>Informations<\/strong><br \/>Pour tous renseignements compl\u00e9mentaires, contactez l&rsquo;office de tourisme au 04 93 93 64 64<\/p>\n<p><a href=\"https:\/\/www.mandelieu-tourisme.com\">www.mandelieu-tourisme.com<\/a><br \/><a href=\"mailto:tourisme@mandelieu.com\" role=\"link\" target=\"_blank\" rel=\"noopener\" tabindex=\"0\">tourisme@mandelieu.com<\/a><\/p>[\/et_pb_text][et_pb_text _builder_version=\u00a0\u00bb4.16&Prime; text_font=\u00a0\u00bbCormorant Garamond||||||||\u00a0\u00bb text_font_size=\u00a0\u00bb20px\u00a0\u00bb header_2_font=\u00a0\u00bbPoppins|700||on|||||\u00a0\u00bb header_2_text_align=\u00a0\u00bbleft\u00a0\u00bb header_2_text_color=\u00a0\u00bbrgba(0,0,0,0.8)\u00a0\u00bb header_2_font_size=\u00a0\u00bb45px\u00a0\u00bb header_3_font=\u00a0\u00bbPoppins|700||on|||||\u00a0\u00bb header_3_text_align=\u00a0\u00bbleft\u00a0\u00bb header_3_text_color=\u00a0\u00bbrgba(0,0,0,0.8)\u00a0\u00bb header_3_font_size=\u00a0\u00bb30px\u00a0\u00bb header_4_font=\u00a0\u00bbPoppins|700||on|||||\u00a0\u00bb header_4_text_align=\u00a0\u00bbleft\u00a0\u00bb header_4_font_size=\u00a0\u00bb20px\u00a0\u00bb text_orientation=\u00a0\u00bbjustified\u00a0\u00bb global_colors_info=\u00a0\u00bb{}\u00a0\u00bb]<h2><span style=\"color: #ffc30f;\">P\u00e9gomas<\/span><\/h2>\n<h3>Kilom\u00e8tre 115<\/h3>\n<p><span><strong>Adresse<\/strong><br \/>169 Avenue de Grasse<br \/>06580 P\u00e9gomas<br \/><\/span><\/p>\n<p><strong>Ouverture<\/strong><br \/>Ouvert du lundi au samedi de 9h30 \u00e0 13h et de 14h \u00e0 17h<\/p>\n<p><strong>Informations<\/strong><br \/>T\u00e9l\u00e9phone : 04 92 60 20 70<\/p>\n<p><a href=\"www.http:\/\/paysdegrassetourisme.fr\/fr\/pegomas\">www.paysdegrassetourisme.fr<\/a><br \/><a href=\"mailto:info@paysdegrassetourisme.fr\" role=\"link\" target=\"_blank\" rel=\"noopener\" tabindex=\"0\">info@paysdegrassetourisme.fr<\/a><\/p>[\/et_pb_text][\/et_pb_column][et_pb_column type=\u00a0\u00bb1_2&Prime; _builder_version=\u00a0\u00bb4.16&Prime; _module_preset=\u00a0\u00bbdefault\u00a0\u00bb global_colors_info=\u00a0\u00bb{}\u00a0\u00bb][et_pb_text _builder_version=\u00a0\u00bb4.16&Prime; text_font=\u00a0\u00bbCormorant Garamond||||||||\u00a0\u00bb text_font_size=\u00a0\u00bb20px\u00a0\u00bb header_2_font=\u00a0\u00bbPoppins|700||on|||||\u00a0\u00bb header_2_text_align=\u00a0\u00bbleft\u00a0\u00bb header_2_text_color=\u00a0\u00bbrgba(0,0,0,0.8)\u00a0\u00bb header_2_font_size=\u00a0\u00bb45px\u00a0\u00bb header_3_font=\u00a0\u00bbPoppins|700||on|||||\u00a0\u00bb header_3_text_align=\u00a0\u00bbleft\u00a0\u00bb header_3_text_color=\u00a0\u00bbrgba(0,0,0,0.8)\u00a0\u00bb header_3_font_size=\u00a0\u00bb30px\u00a0\u00bb header_4_font=\u00a0\u00bbPoppins|700||on|||||\u00a0\u00bb header_4_text_align=\u00a0\u00bbleft\u00a0\u00bb header_4_font_size=\u00a0\u00bb20px\u00a0\u00bb text_orientation=\u00a0\u00bbjustified\u00a0\u00bb global_colors_info=\u00a0\u00bb{}\u00a0\u00bb]<h2><span style=\"color: #ffc30f;\">Rayol-Canadel sur Mer<\/span><\/h2>\n<h3>Kilom\u00e8tre 15<\/h3>\n<p><span><strong>Adresse<\/strong><br \/>Place Michel Goy<br \/>83820 Rayol-Canadel-sur-Mer<br \/><\/span><\/p>\n<p><strong>Ouverture<\/strong><br \/>Ouvert du lundi au vendredi de 9h30 \u00e0 13h et de 14h \u00e0 17h<\/p>\n<p><strong>Informations<\/strong><br \/>T\u00e9l\u00e9phone : 04 94 05 65 69<\/p>\n<p><a href=\"http:\/\/www.lerayolcanadel.fr\/\">www.golfe-sainttropez-tourisme.fr\u00a0<\/a><br \/><a href=\"mailto:rayolcanadelsurmer@golfe-sainttropez-tourisme.fr\">rayolcanadelsurmer@golfe-sainttropez-tourisme.fr<\/a><\/p>[\/et_pb_text][et_pb_text _builder_version=\u00a0\u00bb4.16&Prime; text_font=\u00a0\u00bbCormorant Garamond||||||||\u00a0\u00bb text_font_size=\u00a0\u00bb20px\u00a0\u00bb header_2_font=\u00a0\u00bbPoppins|700||on|||||\u00a0\u00bb header_2_text_align=\u00a0\u00bbleft\u00a0\u00bb header_2_text_color=\u00a0\u00bbrgba(0,0,0,0.8)\u00a0\u00bb header_2_font_size=\u00a0\u00bb45px\u00a0\u00bb header_3_font=\u00a0\u00bbPoppins|700||on|||||\u00a0\u00bb header_3_text_align=\u00a0\u00bbleft\u00a0\u00bb header_3_text_color=\u00a0\u00bbrgba(0,0,0,0.8)\u00a0\u00bb header_3_font_size=\u00a0\u00bb30px\u00a0\u00bb header_4_font=\u00a0\u00bbPoppins|700||on|||||\u00a0\u00bb header_4_text_align=\u00a0\u00bbleft\u00a0\u00bb header_4_font_size=\u00a0\u00bb20px\u00a0\u00bb text_orientation=\u00a0\u00bbjustified\u00a0\u00bb global_colors_info=\u00a0\u00bb{}\u00a0\u00bb]<h2><span style=\"color: #ffc30f;\">Saint-Rapha\u00ebl<\/span><\/h2>\n<h3>Kilom\u00e8tre 59<\/h3>\n<p><span><strong>Adresse<\/strong><br \/>99 Quai Albert 1er<br \/>83700 Saint-Rapha\u00ebl<br \/><\/span><\/p>\n<p><strong>Ouverture<\/strong><br \/><span data-olk-copy-source=\"MessageBody\">Du lundi au samedi de 9h \u00e0 12h30; et de 14h \u00e0 18h en janvier, f\u00e9vrier et mars.<\/span><\/p>\n<p><strong>Informations<\/strong><br \/>T\u00e9l\u00e9phone : 04 94 19 52 52<\/p>\n<p><a href=\"https:\/\/www.saint-raphael.com\/fr\/\">www.saint-raphael.com<\/a><br \/><a href=\"mailto:information@saint-raphael.com\" role=\"link\" target=\"_blank\" rel=\"noopener\" tabindex=\"0\">information@saint-raphael.com<\/a><\/p>[\/et_pb_text][et_pb_text _builder_version=\u00a0\u00bb4.16&Prime; text_font=\u00a0\u00bbCormorant Garamond||||||||\u00a0\u00bb text_font_size=\u00a0\u00bb20px\u00a0\u00bb header_2_font=\u00a0\u00bbPoppins|700||on|||||\u00a0\u00bb header_2_text_align=\u00a0\u00bbleft\u00a0\u00bb header_2_text_color=\u00a0\u00bbrgba(0,0,0,0.8)\u00a0\u00bb header_2_font_size=\u00a0\u00bb45px\u00a0\u00bb header_3_font=\u00a0\u00bbPoppins|700||on|||||\u00a0\u00bb header_3_text_align=\u00a0\u00bbleft\u00a0\u00bb header_3_text_color=\u00a0\u00bbrgba(0,0,0,0.8)\u00a0\u00bb header_3_font_size=\u00a0\u00bb30px\u00a0\u00bb header_4_font=\u00a0\u00bbPoppins|700||on|||||\u00a0\u00bb header_4_text_align=\u00a0\u00bbleft\u00a0\u00bb header_4_font_size=\u00a0\u00bb20px\u00a0\u00bb text_orientation=\u00a0\u00bbjustified\u00a0\u00bb global_colors_info=\u00a0\u00bb{}\u00a0\u00bb]<h2><span style=\"color: #ffc30f;\">Tanneron<\/span><\/h2>\n<h3>Kilom\u00e8tre 112<\/h3>\n<p><span><strong>Adresse<br \/><\/strong>Oustaou d\u00f2u pa\u00efs<br \/>Place de la Mairie<br \/><\/span><span>83440 Tanneron<\/span><\/p>\n<p><strong>Ouverture<\/strong><br \/><i>Ouvert 7\/7 de 9h30 \u00e0 16h30, non-stop du 19 janvier au 07 mars<\/i>.<\/p>\n<p><strong>Informations<\/strong><br \/>Pour tous renseignements et inscriptions aux balades : 04 94 76 01 02<\/p>\n<p><a href=\"http:\/\/www.paysdefayence.com\">www.paysdefayence.com\u00a0<\/a><br \/><a href=\"mailto:contact@paysdefayence.com\">contact@paysdefayence.com<\/a><\/p>\n<p><a href=\"mailto:contact@paysdefayence.com\"><\/a><\/p>[\/et_pb_text][et_pb_text _builder_version=\u00a0\u00bb4.16&Prime; text_font=\u00a0\u00bbCormorant Garamond||||||||\u00a0\u00bb text_font_size=\u00a0\u00bb20px\u00a0\u00bb header_2_font=\u00a0\u00bbPoppins|700||on|||||\u00a0\u00bb header_2_text_align=\u00a0\u00bbleft\u00a0\u00bb header_2_text_color=\u00a0\u00bbrgba(0,0,0,0.8)\u00a0\u00bb header_2_font_size=\u00a0\u00bb45px\u00a0\u00bb header_3_font=\u00a0\u00bbPoppins|700||on|||||\u00a0\u00bb header_3_text_align=\u00a0\u00bbleft\u00a0\u00bb header_3_text_color=\u00a0\u00bbrgba(0,0,0,0.8)\u00a0\u00bb header_3_font_size=\u00a0\u00bb30px\u00a0\u00bb header_4_font=\u00a0\u00bbPoppins|700||on|||||\u00a0\u00bb header_4_text_align=\u00a0\u00bbleft\u00a0\u00bb header_4_font_size=\u00a0\u00bb20px\u00a0\u00bb text_orientation=\u00a0\u00bbjustified\u00a0\u00bb global_colors_info=\u00a0\u00bb{}\u00a0\u00bb]<h2><span style=\"color: #ffc30f;\">Grasse<\/span><\/h2>\n<h3>Kilom\u00e8tre 130<\/h3>\n<p><span><strong>Adresse<\/strong><\/span><\/p>\n<p><span>Bureau d\u2019information principal : Cours Honor\u00e9 Cresp<br \/>24, Cours Honor\u00e9 Cresp 06130 GRASSE<br \/><\/span><\/p>\n<p><span><strong>Ouverture<\/strong><br \/>Lundi au samedi de 10h00 \u00e0 13h00 et de 14h00 \u00e0 17h00 Ferm\u00e9 le dimanche<\/span><\/p>\n<p><span><strong>Adresse<\/strong><\/span><\/p>\n<p><span>Bureau d\u2019information estival : Place aux Aires<br \/>18, Place aux Aires 06130 GRASSE<\/span><\/p>\n<p><strong>Ouverture<\/strong><br \/>Fermeture annuelle, ouverture en mai 2025<\/p>\n<p><strong>Informations<\/strong><br \/>T\u00e9l\u00e9phone : 04 93 36 66 66<\/p>\n<p><a href=\"www.http:\/\/paysdegrassetourisme.fr\/fr\/pegomas\">www.paysdegrassetourisme.fr<\/a><br \/><a href=\"mailto:info@paysdegrassetourisme.fr\" role=\"link\" target=\"_blank\" rel=\"noopener\" tabindex=\"0\">info@paysdegrassetourisme.fr<\/a><\/p>[\/et_pb_text][\/et_pb_column][\/et_pb_row][\/et_pb_section]\n","protected":false},"excerpt":{"rendered":"<p>Bormes les Mimosas Kilom\u00e8tre 0 Bureau d&rsquo;accueil du village\u00a01 Place Gambetta83230 Bormes les Mimosas OuvertureOuvert du lundi au samedi de 9h \u00e0 12h30 et de 14h \u00e0 17h30. Bureau d&rsquo;accueil de la Favi\u00e8re319, Boulevard du Front de Mer,83230 Bormes les Mimosas OuvertureD&rsquo;avril \u00e0 octobre (consulter les horaires sur notre site internet) InformationsT\u00e9l\u00e9phone : 04 94 [&hellip;]<\/p>\n","protected":false},"author":2,"featured_media":0,"parent":136,"menu_order":2,"comment_status":"closed","ping_status":"closed","template":"","meta":{"_et_pb_use_builder":"on","_et_pb_old_content":"","_et_gb_content_width":"","footnotes":""},"class_list":["post-141","page","type-page","status-publish","hentry"],"yoast_head":"<!-- This site is optimized with the Yoast SEO plugin v27.4 - https:\/\/yoast.com\/product\/yoast-seo-wordpress\/ -->\n<title>Les Offices de Tourisme - Route du mimosa<\/title>\n<meta name=\"description\" content=\"Adresses, contacts et horaires des offices de tourisme sur la Route du Mimosa : toutes les infos pratiques.\" \/>\n<meta name=\"robots\" content=\"index, follow, max-snippet:-1, max-image-preview:large, max-video-preview:-1\" \/>\n<link rel=\"canonical\" href=\"https:\/\/routedumimosa.com\/en\/infos-pratiques\/offices-de-tourisme\/\" \/>\n<meta property=\"og:locale\" content=\"en_GB\" \/>\n<meta property=\"og:type\" content=\"article\" \/>\n<meta property=\"og:title\" content=\"Les Offices de Tourisme - Route du mimosa\" \/>\n<meta property=\"og:description\" content=\"Adresses, contacts et horaires des offices de tourisme sur la Route du Mimosa : toutes les infos pratiques.\" \/>\n<meta property=\"og:url\" content=\"https:\/\/routedumimosa.com\/en\/infos-pratiques\/offices-de-tourisme\/\" \/>\n<meta property=\"og:site_name\" content=\"Route du mimosa\" \/>\n<meta property=\"article:modified_time\" content=\"2026-01-28T15:51:21+00:00\" \/>\n<meta name=\"twitter:card\" content=\"summary_large_image\" \/>\n<meta name=\"twitter:label1\" content=\"Estimated reading time\" \/>\n\t<meta name=\"twitter:data1\" content=\"2 minutes\" \/>\n<script type=\"application\/ld+json\" class=\"yoast-schema-graph\">{\"@context\":\"https:\\\/\\\/schema.org\",\"@graph\":[{\"@type\":\"WebPage\",\"@id\":\"https:\\\/\\\/routedumimosa.com\\\/infos-pratiques\\\/offices-de-tourisme\\\/\",\"url\":\"https:\\\/\\\/routedumimosa.com\\\/infos-pratiques\\\/offices-de-tourisme\\\/\",\"name\":\"Les Offices de Tourisme - Route du mimosa\",\"isPartOf\":{\"@id\":\"https:\\\/\\\/routedumimosa.com\\\/#website\"},\"datePublished\":\"2020-06-19T08:19:07+00:00\",\"dateModified\":\"2026-01-28T15:51:21+00:00\",\"description\":\"Adresses, contacts et horaires des offices de tourisme sur la Route du Mimosa : toutes les infos pratiques.\",\"breadcrumb\":{\"@id\":\"https:\\\/\\\/routedumimosa.com\\\/infos-pratiques\\\/offices-de-tourisme\\\/#breadcrumb\"},\"inLanguage\":\"en-GB\",\"potentialAction\":[{\"@type\":\"ReadAction\",\"target\":[\"https:\\\/\\\/routedumimosa.com\\\/infos-pratiques\\\/offices-de-tourisme\\\/\"]}]},{\"@type\":\"BreadcrumbList\",\"@id\":\"https:\\\/\\\/routedumimosa.com\\\/infos-pratiques\\\/offices-de-tourisme\\\/#breadcrumb\",\"itemListElement\":[{\"@type\":\"ListItem\",\"position\":1,\"name\":\"Home\",\"item\":\"https:\\\/\\\/routedumimosa.com\\\/\"},{\"@type\":\"ListItem\",\"position\":2,\"name\":\"Infos pratiques\",\"item\":\"https:\\\/\\\/routedumimosa.com\\\/infos-pratiques\\\/\"},{\"@type\":\"ListItem\",\"position\":3,\"name\":\"Offices de Tourisme\"}]},{\"@type\":\"WebSite\",\"@id\":\"https:\\\/\\\/routedumimosa.com\\\/#website\",\"url\":\"https:\\\/\\\/routedumimosa.com\\\/\",\"name\":\"Route du mimosa\",\"description\":\"Un voyage parfum\u00e9 \u00e0 d\u00e9couvrir sur 130 km !\",\"potentialAction\":[{\"@type\":\"SearchAction\",\"target\":{\"@type\":\"EntryPoint\",\"urlTemplate\":\"https:\\\/\\\/routedumimosa.com\\\/?s={search_term_string}\"},\"query-input\":{\"@type\":\"PropertyValueSpecification\",\"valueRequired\":true,\"valueName\":\"search_term_string\"}}],\"inLanguage\":\"en-GB\"}]}<\/script>\n<!-- \/ Yoast SEO plugin. -->","yoast_head_json":{"title":"Les Offices de Tourisme - Route du mimosa","description":"Adresses, contacts et horaires des offices de tourisme sur la Route du Mimosa : toutes les infos pratiques.","robots":{"index":"index","follow":"follow","max-snippet":"max-snippet:-1","max-image-preview":"max-image-preview:large","max-video-preview":"max-video-preview:-1"},"canonical":"https:\/\/routedumimosa.com\/en\/infos-pratiques\/offices-de-tourisme\/","og_locale":"en_GB","og_type":"article","og_title":"Les Offices de Tourisme - Route du mimosa","og_description":"Adresses, contacts et horaires des offices de tourisme sur la Route du Mimosa : toutes les infos pratiques.","og_url":"https:\/\/routedumimosa.com\/en\/infos-pratiques\/offices-de-tourisme\/","og_site_name":"Route du mimosa","article_modified_time":"2026-01-28T15:51:21+00:00","twitter_card":"summary_large_image","twitter_misc":{"Estimated reading time":"2 minutes"},"schema":{"@context":"https:\/\/schema.org","@graph":[{"@type":"WebPage","@id":"https:\/\/routedumimosa.com\/infos-pratiques\/offices-de-tourisme\/","url":"https:\/\/routedumimosa.com\/infos-pratiques\/offices-de-tourisme\/","name":"Les Offices de Tourisme - Route du mimosa","isPartOf":{"@id":"https:\/\/routedumimosa.com\/#website"},"datePublished":"2020-06-19T08:19:07+00:00","dateModified":"2026-01-28T15:51:21+00:00","description":"Adresses, contacts et horaires des offices de tourisme sur la Route du Mimosa : toutes les infos pratiques.","breadcrumb":{"@id":"https:\/\/routedumimosa.com\/infos-pratiques\/offices-de-tourisme\/#breadcrumb"},"inLanguage":"en-GB","potentialAction":[{"@type":"ReadAction","target":["https:\/\/routedumimosa.com\/infos-pratiques\/offices-de-tourisme\/"]}]},{"@type":"BreadcrumbList","@id":"https:\/\/routedumimosa.com\/infos-pratiques\/offices-de-tourisme\/#breadcrumb","itemListElement":[{"@type":"ListItem","position":1,"name":"Home","item":"https:\/\/routedumimosa.com\/"},{"@type":"ListItem","position":2,"name":"Infos pratiques","item":"https:\/\/routedumimosa.com\/infos-pratiques\/"},{"@type":"ListItem","position":3,"name":"Offices de Tourisme"}]},{"@type":"WebSite","@id":"https:\/\/routedumimosa.com\/#website","url":"https:\/\/routedumimosa.com\/","name":"Route du mimosa","description":"A fragrant journey to discover over 130 km!","potentialAction":[{"@type":"SearchAction","target":{"@type":"EntryPoint","urlTemplate":"https:\/\/routedumimosa.com\/?s={search_term_string}"},"query-input":{"@type":"PropertyValueSpecification","valueRequired":true,"valueName":"search_term_string"}}],"inLanguage":"en-GB"}]}},"_links":{"self":[{"href":"https:\/\/routedumimosa.com\/en\/wp-json\/wp\/v2\/pages\/141","targetHints":{"allow":["GET"]}}],"collection":[{"href":"https:\/\/routedumimosa.com\/en\/wp-json\/wp\/v2\/pages"}],"about":[{"href":"https:\/\/routedumimosa.com\/en\/wp-json\/wp\/v2\/types\/page"}],"author":[{"embeddable":true,"href":"https:\/\/routedumimosa.com\/en\/wp-json\/wp\/v2\/users\/2"}],"replies":[{"embeddable":true,"href":"https:\/\/routedumimosa.com\/en\/wp-json\/wp\/v2\/comments?post=141"}],"version-history":[{"count":26,"href":"https:\/\/routedumimosa.com\/en\/wp-json\/wp\/v2\/pages\/141\/revisions"}],"predecessor-version":[{"id":943,"href":"https:\/\/routedumimosa.com\/en\/wp-json\/wp\/v2\/pages\/141\/revisions\/943"}],"up":[{"embeddable":true,"href":"https:\/\/routedumimosa.com\/en\/wp-json\/wp\/v2\/pages\/136"}],"wp:attachment":[{"href":"https:\/\/routedumimosa.com\/en\/wp-json\/wp\/v2\/media?parent=141"}],"curies":[{"name":"wp","href":"https:\/\/api.w.org\/{rel}","templated":true}]}}