{"id":3,"date":"2020-06-12T09:38:36","date_gmt":"2020-06-12T09:38:36","guid":{"rendered":"https:\/\/routedumimosa.com\/?page_id=3"},"modified":"2020-07-08T08:24:39","modified_gmt":"2020-07-08T08:24:39","slug":"mentions-legales","status":"publish","type":"page","link":"https:\/\/routedumimosa.com\/en\/mentions-legales\/","title":{"rendered":"Legal information"},"content":{"rendered":"<p>[et_pb_section fb_built=\u00a0\u00bb1&Prime; fullwidth=\u00a0\u00bbon\u00a0\u00bb admin_label=\u00a0\u00bbHeader\u00a0\u00bb _builder_version=\u00a0\u00bb4.4.8&Prime; custom_padding=\u00a0\u00bb0px|0|0px|0px|false|false\u00a0\u00bb top_divider_color=\u00a0\u00bbrgba(255,255,255,0.3)\u00a0\u00bb top_divider_height=\u00a0\u00bb202%\u00a0\u00bb top_divider_repeat=\u00a0\u00bb0.7x\u00a0\u00bb bottom_divider_color=\u00a0\u00bb#ffffff\u00a0\u00bb locked=\u00a0\u00bboff\u00a0\u00bb][et_pb_fullwidth_header title=\u00a0\u00bb@ET-DC@eyJkeW5hbWljIjp0cnVlLCJjb250ZW50IjoicG9zdF90aXRsZSIsInNldHRpbmdzIjp7ImJlZm9yZSI6IiIsImFmdGVyIjoiIn19@\u00a0\u00bb text_orientation=\u00a0\u00bbcenter\u00a0\u00bb background_overlay_color=\u00a0\u00bbrgba(0,0,0,0.2)\u00a0\u00bb content_max_width=\u00a0\u00bb650px\u00a0\u00bb content_max_width_tablet=\u00a0\u00bb100%\u00a0\u00bb content_max_width_phone=\u00a0\u00bb\u00a0\u00bb content_max_width_last_edited=\u00a0\u00bbon|phone\u00a0\u00bb _builder_version=\u00a0\u00bb4.4.8&Prime; _dynamic_attributes=\u00a0\u00bbtitle\u00a0\u00bb title_font=\u00a0\u00bbPoppins|700||on|||||\u00a0\u00bb title_text_color=\u00a0\u00bb#ffc30f\u00a0\u00bb title_font_size=\u00a0\u00bb45px\u00a0\u00bb title_letter_spacing=\u00a0\u00bb10px\u00a0\u00bb title_line_height=\u00a0\u00bb2em\u00a0\u00bb content_font=\u00a0\u00bbCormorant Garamond||||||||\u00a0\u00bb content_font_size=\u00a0\u00bb35px\u00a0\u00bb content_line_height=\u00a0\u00bb1.2em\u00a0\u00bb subhead_font=\u00a0\u00bbCormorant Garamond||||||||\u00a0\u00bb subhead_text_align=\u00a0\u00bbcenter\u00a0\u00bb subhead_font_size=\u00a0\u00bb56px\u00a0\u00bb subhead_line_height=\u00a0\u00bb1.5em\u00a0\u00bb background_color=\u00a0\u00bbrgba(255,255,255,0)\u00a0\u00bb background_image=\u00a0\u00bbhttps:\/\/routedumimosa.com\/wp-content\/uploads\/2020\/06\/fete-du-mimosa-tanneron-guillaume-roumestan-5-web.jpg\u00a0\u00bb custom_button_one=\u00a0\u00bbon\u00a0\u00bb button_one_text_size=\u00a0\u00bb14px\u00a0\u00bb button_one_text_color=\u00a0\u00bb#ffffff\u00a0\u00bb button_one_bg_color=\u00a0\u00bb#c4beb9&Prime; button_one_border_width=\u00a0\u00bb14px\u00a0\u00bb button_one_border_color=\u00a0\u00bb#c4beb9&Prime; button_one_border_radius=\u00a0\u00bb0px\u00a0\u00bb button_one_letter_spacing=\u00a0\u00bb4px\u00a0\u00bb button_one_font=\u00a0\u00bbPoppins|500||on|||||\u00a0\u00bb custom_margin=\u00a0\u00bb|||\u00a0\u00bb custom_padding=\u00a0\u00bb4vw||4vw||false|false\u00a0\u00bb custom_padding_tablet=\u00a0\u00bb\u00a0\u00bb custom_padding_phone=\u00a0\u00bb8vw||8vw||true|false\u00a0\u00bb custom_padding_last_edited=\u00a0\u00bbon|phone\u00a0\u00bb animation_style=\u00a0\u00bbslide\u00a0\u00bb animation_direction=\u00a0\u00bbbottom\u00a0\u00bb animation_duration=\u00a0\u00bb1300ms\u00a0\u00bb animation_intensity_slide=\u00a0\u00bb9%\u00a0\u00bb subhead_font_size_tablet=\u00a0\u00bb40px\u00a0\u00bb subhead_font_size_phone=\u00a0\u00bb\u00a0\u00bb subhead_font_size_last_edited=\u00a0\u00bbon|desktop\u00a0\u00bb button_one_text_color_hover=\u00a0\u00bb#ffffff\u00a0\u00bb button_one_border_color_hover=\u00a0\u00bb#ecd5c5&Prime; button_one_border_radius_hover=\u00a0\u00bb0px\u00a0\u00bb button_one_letter_spacing_hover=\u00a0\u00bb4px\u00a0\u00bb button_one_bg_color_hover=\u00a0\u00bb#ecd5c5&Prime; button_one_text_size__hover_enabled=\u00a0\u00bboff\u00a0\u00bb button_two_text_size__hover_enabled=\u00a0\u00bboff\u00a0\u00bb button_one_text_color__hover_enabled=\u00a0\u00bbon\u00a0\u00bb button_one_text_color__hover=\u00a0\u00bb#ffffff\u00a0\u00bb button_two_text_color__hover_enabled=\u00a0\u00bboff\u00a0\u00bb button_one_border_width__hover_enabled=\u00a0\u00bboff\u00a0\u00bb button_two_border_width__hover_enabled=\u00a0\u00bboff\u00a0\u00bb button_one_border_color__hover_enabled=\u00a0\u00bbon\u00a0\u00bb button_one_border_color__hover=\u00a0\u00bb#ecd5c5&Prime; button_two_border_color__hover_enabled=\u00a0\u00bboff\u00a0\u00bb button_one_border_radius__hover_enabled=\u00a0\u00bbon\u00a0\u00bb button_one_border_radius__hover=\u00a0\u00bb0px\u00a0\u00bb button_two_border_radius__hover_enabled=\u00a0\u00bboff\u00a0\u00bb button_one_letter_spacing__hover_enabled=\u00a0\u00bbon\u00a0\u00bb button_one_letter_spacing__hover=\u00a0\u00bb4px\u00a0\u00bb button_two_letter_spacing__hover_enabled=\u00a0\u00bboff\u00a0\u00bb button_one_bg_color__hover_enabled=\u00a0\u00bbon\u00a0\u00bb button_one_bg_color__hover=\u00a0\u00bb#ecd5c5&Prime; button_two_bg_color__hover_enabled=\u00a0\u00bboff\u00a0\u00bb][\/et_pb_fullwidth_header][\/et_pb_section][et_pb_section fb_built=\u00a0\u00bb1&Prime; admin_label=\u00a0\u00bbHow it works\u00a0\u00bb _builder_version=\u00a0\u00bb3.22&Prime; custom_padding=\u00a0\u00bb100px|0px|100px|0px|true|false\u00a0\u00bb locked=\u00a0\u00bboff\u00a0\u00bb][et_pb_row _builder_version=\u00a0\u00bb4.4.8&Prime; custom_margin=\u00a0\u00bb||||false|false\u00a0\u00bb custom_padding=\u00a0\u00bb0px|0px|0px|0px|true|false\u00a0\u00bb][et_pb_column type=\u00a0\u00bb4_4&Prime; _builder_version=\u00a0\u00bb3.25&Prime; custom_padding=\u00a0\u00bb|||\u00a0\u00bb custom_padding__hover=\u00a0\u00bb|||\u00a0\u00bb][et_pb_text _builder_version=\u00a0\u00bb4.4.9&Prime; text_font=\u00a0\u00bbCormorant Garamond||||||||\u00a0\u00bb text_font_size=\u00a0\u00bb20px\u00a0\u00bb header_2_font=\u00a0\u00bbPoppins|700||on|||||\u00a0\u00bb header_2_text_align=\u00a0\u00bbleft\u00a0\u00bb header_2_text_color=\u00a0\u00bbrgba(0,0,0,0.8)\u00a0\u00bb header_2_font_size=\u00a0\u00bb45px\u00a0\u00bb header_3_font=\u00a0\u00bbPoppins|700||on|||||\u00a0\u00bb header_3_text_align=\u00a0\u00bbleft\u00a0\u00bb header_3_text_color=\u00a0\u00bbrgba(0,0,0,0.8)\u00a0\u00bb header_3_font_size=\u00a0\u00bb30px\u00a0\u00bb header_4_font=\u00a0\u00bbPoppins|700||on|||||\u00a0\u00bb header_4_text_align=\u00a0\u00bbleft\u00a0\u00bb header_4_font_size=\u00a0\u00bb20px\u00a0\u00bb text_orientation=\u00a0\u00bbjustified\u00a0\u00bb]<\/p>\n<h2>Identification<\/h2>\n<p>Nom de l\u2019association\u00a0: Association pour la Promotion Touristique de la Route du Mimosa<br \/> Adresse\u00a0: 1, promenade Aymeric Simon-Lori\u00e8re 83120 Sainte-Maxime<br \/> Contact :<\/p>\n<p>Directeur de la publication : Florian Raoux<br \/> Contact du Directeur de la publication :<\/p>\n<p>[\/et_pb_text][et_pb_text _builder_version=\u00a0\u00bb4.4.9&Prime; text_font=\u00a0\u00bbCormorant Garamond||||||||\u00a0\u00bb text_font_size=\u00a0\u00bb20px\u00a0\u00bb header_2_font=\u00a0\u00bbPoppins|700||on|||||\u00a0\u00bb header_2_text_align=\u00a0\u00bbleft\u00a0\u00bb header_2_text_color=\u00a0\u00bbrgba(0,0,0,0.8)\u00a0\u00bb header_2_font_size=\u00a0\u00bb45px\u00a0\u00bb header_3_font=\u00a0\u00bbPoppins|700||on|||||\u00a0\u00bb header_3_text_align=\u00a0\u00bbleft\u00a0\u00bb header_3_text_color=\u00a0\u00bbrgba(0,0,0,0.8)\u00a0\u00bb header_3_font_size=\u00a0\u00bb30px\u00a0\u00bb header_4_font=\u00a0\u00bbPoppins|700||on|||||\u00a0\u00bb header_4_text_align=\u00a0\u00bbleft\u00a0\u00bb header_4_font_size=\u00a0\u00bb20px\u00a0\u00bb text_orientation=\u00a0\u00bbjustified\u00a0\u00bb hover_enabled=\u00a0\u00bb0&Prime;]<\/p>\n<h2>H\u00e9bergement<\/h2>\n<p>Raison sociale de l&rsquo;h\u00e9bergeur : Agence de promotion touristique Est\u00e9rel C\u00f4te d\u2019Azur<br \/> Adresse du si\u00e8ge de l&rsquo;h\u00e9bergeur : 65 rue Isaac Newton, Pole Epsilon 1, Bat. H 83700 Saint-Rapha\u00ebl<br \/> Contact de l&rsquo;h\u00e9bergeur : hello@esterel-cotedazur.com<\/p>\n<p>[\/et_pb_text][et_pb_text _builder_version=\u00a0\u00bb4.4.8&Prime; text_font=\u00a0\u00bbCormorant Garamond||||||||\u00a0\u00bb text_font_size=\u00a0\u00bb20px\u00a0\u00bb header_2_font=\u00a0\u00bbPoppins|700||on|||||\u00a0\u00bb header_2_text_align=\u00a0\u00bbleft\u00a0\u00bb header_2_text_color=\u00a0\u00bbrgba(0,0,0,0.8)\u00a0\u00bb header_2_font_size=\u00a0\u00bb45px\u00a0\u00bb header_3_font=\u00a0\u00bbPoppins|700||on|||||\u00a0\u00bb header_3_text_align=\u00a0\u00bbleft\u00a0\u00bb header_3_text_color=\u00a0\u00bbrgba(0,0,0,0.8)\u00a0\u00bb header_3_font_size=\u00a0\u00bb30px\u00a0\u00bb header_4_font=\u00a0\u00bbPoppins|700||on|||||\u00a0\u00bb header_4_text_align=\u00a0\u00bbleft\u00a0\u00bb header_4_font_size=\u00a0\u00bb20px\u00a0\u00bb text_orientation=\u00a0\u00bbjustified\u00a0\u00bb]<\/p>\n<h2>Cookies<\/h2>\n<p>Un cookie est un petit fichier informatique qui permet d&rsquo;analyser le comportement des usagers lors de la visite d&rsquo;un site internet ou de l&rsquo;utilisation d&rsquo;un logiciel ou d&rsquo;une application mobile.<\/p>\n<p>Le site RouteDuMimosa.com utilise des cookies, notamment pour obtenir des statistiques de navigation via l\u2019outil <a href=\"http:\/\/analytics.google.com\/\" target=\"_blank\" rel=\"noopener noreferrer\">Google Analytics<\/a>. Ces donn\u00e9es sont trait\u00e9es de mani\u00e8re anonyme et ne sont utilis\u00e9s que dans un but d\u2019am\u00e9lioration de l\u2019exp\u00e9rience utilisateur sur RouteDuMimosa.com.<br \/> En naviguant sur ce site internet, vous consentez express\u00e9ment au traitement de vos donn\u00e9es de navigation par Google dans les conditions et pour les finalit\u00e9s d\u00e9crites ci-dessus. La boite de message pr\u00e9sente en arrivant sur ce site vous permet d\u2019\u00eatre pr\u00e9venu sur cette utilisation.<\/p>\n<p>Si pour une quelconque raison vous voulez refuser l\u2019utilisation de cookies, merci de consulter la marche \u00e0 suivre expliqu\u00e9e sur le site internet de la <a href=\"https:\/\/www.cnil.fr\/fr\/cookies-les-outils-pour-les-maitriser\" target=\"_blank\" rel=\"noopener noreferrer\">Commission Nationale de l\u2019Informatique et des Libert\u00e9s (CNIL)<\/a>.<\/p>\n<p>La dur\u00e9e de validit\u00e9 du consentement donn\u00e9 dans ce cadre est de 13 mois maximum.<\/p>\n<p>[\/et_pb_text][et_pb_text _builder_version=\u00a0\u00bb4.4.9&Prime; text_font=\u00a0\u00bbCormorant Garamond||||||||\u00a0\u00bb text_font_size=\u00a0\u00bb20px\u00a0\u00bb header_2_font=\u00a0\u00bbPoppins|700||on|||||\u00a0\u00bb header_2_text_align=\u00a0\u00bbleft\u00a0\u00bb header_2_text_color=\u00a0\u00bbrgba(0,0,0,0.8)\u00a0\u00bb header_2_font_size=\u00a0\u00bb45px\u00a0\u00bb header_3_font=\u00a0\u00bbPoppins|700||on|||||\u00a0\u00bb header_3_text_align=\u00a0\u00bbleft\u00a0\u00bb header_3_text_color=\u00a0\u00bbrgba(0,0,0,0.8)\u00a0\u00bb header_3_font_size=\u00a0\u00bb30px\u00a0\u00bb header_4_font=\u00a0\u00bbPoppins|700||on|||||\u00a0\u00bb header_4_text_align=\u00a0\u00bbleft\u00a0\u00bb header_4_font_size=\u00a0\u00bb20px\u00a0\u00bb text_orientation=\u00a0\u00bbjustified\u00a0\u00bb hover_enabled=\u00a0\u00bb0&Prime;]<\/p>\n<h2>Propri\u00e9t\u00e9 intellectuelle<\/h2>\n<p>Cr\u00e9dits photos : <\/p>\n<p>[\/et_pb_text][\/et_pb_column][\/et_pb_row][\/et_pb_section]<\/p>\n","protected":false},"excerpt":{"rendered":"<p>Identification Nom de l\u2019association\u00a0: Association pour la Promotion Touristique de la Route du Mimosa Adresse\u00a0: 1, promenade Aymeric Simon-Lori\u00e8re 83120 Sainte-Maxime Contact : Directeur de la publication : Florian Raoux Contact du Directeur de la publication :H\u00e9bergement Raison sociale de l&rsquo;h\u00e9bergeur : Agence de promotion touristique Est\u00e9rel C\u00f4te d\u2019Azur Adresse du si\u00e8ge de l&rsquo;h\u00e9bergeur : [&hellip;]<\/p>\n","protected":false},"author":2,"featured_media":0,"parent":0,"menu_order":0,"comment_status":"closed","ping_status":"closed","template":"","meta":{"_et_pb_use_builder":"on","_et_pb_old_content":"<!-- wp:heading -->\n<h2>Description<\/h2>\n<!-- \/wp:heading -->\n\n<!-- wp:paragraph -->\n<p>Lorem ipsum dolor sit amet, consetetur sadipscing elitr, sed diam nonumy eirmod tempor invidunt ut labore et dolore magna aliquyam erat, sed diam voluptua. At vero eos et accusam et justo duo dolores et ea rebum. Stet clita kasd gubergren, no sea takimata sanctus est Lorem ipsum dolor sit amet. Lorem ipsum dolor sit amet, consetetur sadipscing elitr, sed diam nonumy eirmod tempor invidunt ut labore et dolore magna aliquyam erat, sed diam voluptua. At vero eos et accusam et justo duo dolores et ea rebum. Stet clita kasd gubergren, no sea takimata sanctus est Lorem ipsum dolor sit amet. Lorem ipsum dolor sit amet, consetetur sadipscing elitr, sed diam nonumy eirmod tempor invidunt ut labore et dolore magna aliquyam erat, sed diam voluptua. At vero eos et accusam et justo duo dolores et ea rebum. Stet clita kasd gubergren, no sea takimata sanctus est Lorem ipsum dolor sit amet.<\/p>\n<!-- \/wp:paragraph -->","_et_gb_content_width":"","footnotes":""},"class_list":["post-3","page","type-page","status-publish","hentry"],"yoast_head":"<!-- This site is optimized with the Yoast SEO plugin v27.5 - https:\/\/yoast.com\/product\/yoast-seo-wordpress\/ -->\n<title>Mentions l\u00e9gales - Route du mimosa<\/title>\n<meta name=\"robots\" content=\"index, follow, max-snippet:-1, max-image-preview:large, max-video-preview:-1\" \/>\n<link rel=\"canonical\" href=\"https:\/\/routedumimosa.com\/en\/mentions-legales\/\" \/>\n<meta property=\"og:locale\" content=\"en_GB\" \/>\n<meta property=\"og:type\" content=\"article\" \/>\n<meta property=\"og:title\" content=\"Mentions l\u00e9gales - Route du mimosa\" \/>\n<meta property=\"og:description\" content=\"Identification Nom de l\u2019association\u00a0: Association pour la Promotion Touristique de la Route du Mimosa Adresse\u00a0: 1, promenade Aymeric Simon-Lori\u00e8re 83120 Sainte-Maxime Contact : Directeur de la publication : Florian Raoux Contact du Directeur de la publication :H\u00e9bergement Raison sociale de l&#039;h\u00e9bergeur : Agence de promotion touristique Est\u00e9rel C\u00f4te d\u2019Azur Adresse du si\u00e8ge de l&#039;h\u00e9bergeur : [&hellip;]\" \/>\n<meta property=\"og:url\" content=\"https:\/\/routedumimosa.com\/en\/mentions-legales\/\" \/>\n<meta property=\"og:site_name\" content=\"Route du mimosa\" \/>\n<meta property=\"article:modified_time\" content=\"2020-07-08T08:24:39+00:00\" \/>\n<meta name=\"twitter:card\" content=\"summary_large_image\" \/>\n<meta name=\"twitter:label1\" content=\"Estimated reading time\" \/>\n\t<meta name=\"twitter:data1\" content=\"5 minutes\" \/>\n<script type=\"application\/ld+json\" class=\"yoast-schema-graph\">{\"@context\":\"https:\\\/\\\/schema.org\",\"@graph\":[{\"@type\":\"WebPage\",\"@id\":\"https:\\\/\\\/routedumimosa.com\\\/mentions-legales\\\/\",\"url\":\"https:\\\/\\\/routedumimosa.com\\\/mentions-legales\\\/\",\"name\":\"Mentions l\u00e9gales - Route du mimosa\",\"isPartOf\":{\"@id\":\"https:\\\/\\\/routedumimosa.com\\\/#website\"},\"datePublished\":\"2020-06-12T09:38:36+00:00\",\"dateModified\":\"2020-07-08T08:24:39+00:00\",\"breadcrumb\":{\"@id\":\"https:\\\/\\\/routedumimosa.com\\\/mentions-legales\\\/#breadcrumb\"},\"inLanguage\":\"en-GB\",\"potentialAction\":[{\"@type\":\"ReadAction\",\"target\":[\"https:\\\/\\\/routedumimosa.com\\\/mentions-legales\\\/\"]}]},{\"@type\":\"BreadcrumbList\",\"@id\":\"https:\\\/\\\/routedumimosa.com\\\/mentions-legales\\\/#breadcrumb\",\"itemListElement\":[{\"@type\":\"ListItem\",\"position\":1,\"name\":\"Home\",\"item\":\"https:\\\/\\\/routedumimosa.com\\\/\"},{\"@type\":\"ListItem\",\"position\":2,\"name\":\"Mentions l\u00e9gales\"}]},{\"@type\":\"WebSite\",\"@id\":\"https:\\\/\\\/routedumimosa.com\\\/#website\",\"url\":\"https:\\\/\\\/routedumimosa.com\\\/\",\"name\":\"Route du mimosa\",\"description\":\"Un voyage parfum\u00e9 \u00e0 d\u00e9couvrir sur 130 km !\",\"potentialAction\":[{\"@type\":\"SearchAction\",\"target\":{\"@type\":\"EntryPoint\",\"urlTemplate\":\"https:\\\/\\\/routedumimosa.com\\\/?s={search_term_string}\"},\"query-input\":{\"@type\":\"PropertyValueSpecification\",\"valueRequired\":true,\"valueName\":\"search_term_string\"}}],\"inLanguage\":\"en-GB\"}]}<\/script>\n<!-- \/ Yoast SEO plugin. -->","yoast_head_json":{"title":"Mentions l\u00e9gales - Route du mimosa","robots":{"index":"index","follow":"follow","max-snippet":"max-snippet:-1","max-image-preview":"max-image-preview:large","max-video-preview":"max-video-preview:-1"},"canonical":"https:\/\/routedumimosa.com\/en\/mentions-legales\/","og_locale":"en_GB","og_type":"article","og_title":"Mentions l\u00e9gales - Route du mimosa","og_description":"Identification Nom de l\u2019association\u00a0: Association pour la Promotion Touristique de la Route du Mimosa Adresse\u00a0: 1, promenade Aymeric Simon-Lori\u00e8re 83120 Sainte-Maxime Contact : Directeur de la publication : Florian Raoux Contact du Directeur de la publication :H\u00e9bergement Raison sociale de l'h\u00e9bergeur : Agence de promotion touristique Est\u00e9rel C\u00f4te d\u2019Azur Adresse du si\u00e8ge de l'h\u00e9bergeur : [&hellip;]","og_url":"https:\/\/routedumimosa.com\/en\/mentions-legales\/","og_site_name":"Route du mimosa","article_modified_time":"2020-07-08T08:24:39+00:00","twitter_card":"summary_large_image","twitter_misc":{"Estimated reading time":"5 minutes"},"schema":{"@context":"https:\/\/schema.org","@graph":[{"@type":"WebPage","@id":"https:\/\/routedumimosa.com\/mentions-legales\/","url":"https:\/\/routedumimosa.com\/mentions-legales\/","name":"Mentions l\u00e9gales - Route du mimosa","isPartOf":{"@id":"https:\/\/routedumimosa.com\/#website"},"datePublished":"2020-06-12T09:38:36+00:00","dateModified":"2020-07-08T08:24:39+00:00","breadcrumb":{"@id":"https:\/\/routedumimosa.com\/mentions-legales\/#breadcrumb"},"inLanguage":"en-GB","potentialAction":[{"@type":"ReadAction","target":["https:\/\/routedumimosa.com\/mentions-legales\/"]}]},{"@type":"BreadcrumbList","@id":"https:\/\/routedumimosa.com\/mentions-legales\/#breadcrumb","itemListElement":[{"@type":"ListItem","position":1,"name":"Home","item":"https:\/\/routedumimosa.com\/"},{"@type":"ListItem","position":2,"name":"Mentions l\u00e9gales"}]},{"@type":"WebSite","@id":"https:\/\/routedumimosa.com\/#website","url":"https:\/\/routedumimosa.com\/","name":"Route du mimosa","description":"A fragrant journey to discover over 130 km!","potentialAction":[{"@type":"SearchAction","target":{"@type":"EntryPoint","urlTemplate":"https:\/\/routedumimosa.com\/?s={search_term_string}"},"query-input":{"@type":"PropertyValueSpecification","valueRequired":true,"valueName":"search_term_string"}}],"inLanguage":"en-GB"}]}},"_links":{"self":[{"href":"https:\/\/routedumimosa.com\/en\/wp-json\/wp\/v2\/pages\/3","targetHints":{"allow":["GET"]}}],"collection":[{"href":"https:\/\/routedumimosa.com\/en\/wp-json\/wp\/v2\/pages"}],"about":[{"href":"https:\/\/routedumimosa.com\/en\/wp-json\/wp\/v2\/types\/page"}],"author":[{"embeddable":true,"href":"https:\/\/routedumimosa.com\/en\/wp-json\/wp\/v2\/users\/2"}],"replies":[{"embeddable":true,"href":"https:\/\/routedumimosa.com\/en\/wp-json\/wp\/v2\/comments?post=3"}],"version-history":[{"count":11,"href":"https:\/\/routedumimosa.com\/en\/wp-json\/wp\/v2\/pages\/3\/revisions"}],"predecessor-version":[{"id":302,"href":"https:\/\/routedumimosa.com\/en\/wp-json\/wp\/v2\/pages\/3\/revisions\/302"}],"wp:attachment":[{"href":"https:\/\/routedumimosa.com\/en\/wp-json\/wp\/v2\/media?parent=3"}],"curies":[{"name":"wp","href":"https:\/\/api.w.org\/{rel}","templated":true}]}}